{"id":61571,"date":"2021-09-20T12:02:57","date_gmt":"2021-09-20T10:02:57","guid":{"rendered":"https:\/\/iili.de\/partnersuche\/?page_id=61571"},"modified":"2021-09-20T12:02:57","modified_gmt":"2021-09-20T10:02:57","slug":"datingtags-fuer-deine-online-flirtsuche","status":"publish","type":"page","link":"https:\/\/iili.de\/partnersuche\/datingtags-fuer-deine-online-flirtsuche\/","title":{"rendered":"Datingtags f\u00fcr Deine online Flirtsuche."},"content":{"rendered":"<h2>Datingstags f\u00fcr Deine reale online Flirtsuche. Jetzt Frauen daten.<\/h2>\n<table>\n<tr>\n<td bgcolor=\"#cccccc\" background=\"https:\/\/seitensprungarea.info\/wp-content\/uploads\/2021\/08\/vx-background2.jpg\" style=\"padding-left:25px; padding-right:25px; padding-bottom:15px;\"><font color=\"#ffffff\"><\/p>\n<h2 style=\"#ffffff\">Willst du private <strong>Dating<\/strong> Kontakte?<\/h2>\n<div class=\"smartlink-wrapper\">\n    <a href=\"https:\/\/www.zubivu.com\/Smartlink\/Dating?w=7811&amp;ws=exdsmtlk\" target=\"_blank\" rel=\"nofollow noopener\" class=\"btn btn-lg btn-success btn-signup\">Jetzt kostenlos anmelden \u00bb<\/a>\n<\/div><\/font><\/td>\n<\/tr>\n<\/table>\n<p> <\/br> <\/br><\/p>\n<div id=\"tag-groups-alphabetical-index-69de71747a298\" class=\"tag-groups-alphabetical-index\" style=\"column-count:2; column-gap:10px\"><div class=\"tag-groups-keep-together\"><h3>D<\/h3><div  class=\"tag-groups-alphabetical-index-tags\"><span class=\"tag-groups-tag\" style=\"font-size:12px\"><a href=\"https:\/\/iili.de\/partnersuche\/online\/digitale-partnersuche\/\" title=\"Unsere Digitale Partnersuche ist eine der wenigen Singleb\u00f6rsen, die mit k\u00fcnstlicher Intelligenz ausgestattet ist. Willst du private Dating Kontakte?&lt;div class=&quot;smartlink-wrapper&quot;&gt;\n    &lt;a href=&quot;https:\/\/www.zubivu.com\/Smartlink\/Dating?w=7811&amp;ws=exdsmtlk&quot; target=&quot;_blank&quot; rel=&quot;nofollow&quot; class=&quot;btn btn-lg btn-success btn-signup&quot;&gt;Jetzt kostenlos anmelden \u00bb&lt;\/a&gt;\n&lt;\/div&gt; (1)\" class=\"digitale-partnersuche\"><span class=\"tag-groups-label\" style=\"font-size:12px\">Digitale Partnersuche<\/span><\/a><\/span> <\/div><\/div>\n<div class=\"tag-groups-keep-together\"><h3>F<\/h3><div  class=\"tag-groups-alphabetical-index-tags\"><span class=\"tag-groups-tag\" style=\"font-size:12px\"><a href=\"https:\/\/iili.de\/partnersuche\/online\/flirt\/\" title=\"Dein Flirt Paradies auf ili.de &#8211; die Singleb\u00f6rse f\u00fcr M\u00e4nner und Frauen, wo die Anmeldung sogar kostenlos ist. Willst du private Dating Kontakte?&lt;div class=&quot;smartlink-wrapper&quot;&gt;\n    &lt;a href=&quot;https:\/\/www.zubivu.com\/Smartlink\/Dating?w=7811&amp;ws=exdsmtlk&quot; target=&quot;_blank&quot; rel=&quot;nofollow&quot; class=&quot;btn btn-lg btn-success btn-signup&quot;&gt;Jetzt kostenlos anmelden \u00bb&lt;\/a&gt;\n&lt;\/div&gt; (1)\" class=\"flirt\"><span class=\"tag-groups-label\" style=\"font-size:12px\">Flirt<\/span><\/a><\/span> <span class=\"tag-groups-tag\" style=\"font-size:12px\"><a href=\"https:\/\/iili.de\/partnersuche\/online\/flirt-community\/\" title=\"Unsere Flirt Community hat in der Regel mehr Frauen als M\u00e4nner im Mitglieder Bereich. Nutze die gratis Anmeldung. Willst du private Dating Kontakte?&lt;div class=&quot;smartlink-wrapper&quot;&gt;\n    &lt;a href=&quot;https:\/\/www.zubivu.com\/Smartlink\/Dating?w=7811&amp;ws=exdsmtlk&quot; target=&quot;_blank&quot; rel=&quot;nofollow&quot; class=&quot;btn btn-lg btn-success btn-signup&quot;&gt;Jetzt kostenlos anmelden \u00bb&lt;\/a&gt;\n&lt;\/div&gt; (1)\" class=\"flirt-community\"><span class=\"tag-groups-label\" style=\"font-size:12px\">Flirt Community<\/span><\/a><\/span> <span class=\"tag-groups-tag\" style=\"font-size:12px\"><a href=\"https:\/\/iili.de\/partnersuche\/online\/frauen-kennenlernen\/\" title=\"Wer Frauen kennenlernen will, hat jetzt die besten Chancen, tolle Bekanntschaften zu machen, aus denen mehr werden kann. Willst du private Dating Kontakte?&lt;div class=&quot;smartlink-wrapper&quot;&gt;\n    &lt;a href=&quot;https:\/\/www.zubivu.com\/Smartlink\/Dating?w=7811&amp;ws=exdsmtlk&quot; target=&quot;_blank&quot; rel=&quot;nofollow&quot; class=&quot;btn btn-lg btn-success btn-signup&quot;&gt;Jetzt kostenlos anmelden \u00bb&lt;\/a&gt;\n&lt;\/div&gt; (1)\" class=\"frauen-kennenlernen\"><span class=\"tag-groups-label\" style=\"font-size:12px\">Frauen kennenlernen<\/span><\/a><\/span> <span class=\"tag-groups-tag\" style=\"font-size:12px\"><a href=\"https:\/\/iili.de\/partnersuche\/online\/frauen-real-treffen\/\" title=\"Du kannst heute noch Frauen real treffen. Die meisten Userinnen stehen einem Treffen offen gegen\u00fcber. Willst du private Dating Kontakte?&lt;div class=&quot;smartlink-wrapper&quot;&gt;\n    &lt;a href=&quot;https:\/\/www.zubivu.com\/Smartlink\/Dating?w=7811&amp;ws=exdsmtlk&quot; target=&quot;_blank&quot; rel=&quot;nofollow&quot; class=&quot;btn btn-lg btn-success btn-signup&quot;&gt;Jetzt kostenlos anmelden \u00bb&lt;\/a&gt;\n&lt;\/div&gt; (1)\" class=\"frauen-real-treffen\"><span class=\"tag-groups-label\" style=\"font-size:12px\">Frauen real treffen<\/span><\/a><\/span> <\/div><\/div>\n<div class=\"tag-groups-keep-together\"><h3>P<\/h3><div  class=\"tag-groups-alphabetical-index-tags\"><span class=\"tag-groups-tag\" style=\"font-size:12px\"><a href=\"https:\/\/iili.de\/partnersuche\/online\/partnersuche\/\" title=\"Deine private Partnersuche mit Direktzugang zum Singlechat. Hunderte Damen warten auf bodenst\u00e4ndige M\u00e4nner. Willst du private Dating Kontakte?&lt;div class=&quot;smartlink-wrapper&quot;&gt;\n    &lt;a href=&quot;https:\/\/www.zubivu.com\/Smartlink\/Dating?w=7811&amp;ws=exdsmtlk&quot; target=&quot;_blank&quot; rel=&quot;nofollow&quot; class=&quot;btn btn-lg btn-success btn-signup&quot;&gt;Jetzt kostenlos anmelden \u00bb&lt;\/a&gt;\n&lt;\/div&gt; (1)\" class=\"partnersuche\"><span class=\"tag-groups-label\" style=\"font-size:12px\">Partnersuche<\/span><\/a><\/span> <\/div><\/div>\n<div class=\"tag-groups-keep-together\"><h3>S<\/h3><div  class=\"tag-groups-alphabetical-index-tags\"><span class=\"tag-groups-tag\" style=\"font-size:12px\"><a href=\"https:\/\/iili.de\/partnersuche\/online\/singles-kostenlose-anmeldung\/\" title=\"F\u00fcr Single kostenlose Anmeldung nutzen! Wer als erstes kommt, hat die besseren Karten! Willst du private Dating Kontakte?&lt;div class=&quot;smartlink-wrapper&quot;&gt;\n    &lt;a href=&quot;https:\/\/www.zubivu.com\/Smartlink\/Dating?w=7811&amp;ws=exdsmtlk&quot; target=&quot;_blank&quot; rel=&quot;nofollow&quot; class=&quot;btn btn-lg btn-success btn-signup&quot;&gt;Jetzt kostenlos anmelden \u00bb&lt;\/a&gt;\n&lt;\/div&gt; (1)\" class=\"singles-kostenlose-anmeldung\"><span class=\"tag-groups-label\" style=\"font-size:12px\">Singles kostenlose Anmeldung<\/span><\/a><\/span> <\/div><\/div>\n<\/div>","protected":false},"excerpt":{"rendered":"<p>Datingstags f\u00fcr Deine reale online Flirtsuche. Jetzt Frauen daten. Willst du private Dating Kontakte?<\/p>\n","protected":false},"author":1,"featured_media":0,"parent":0,"menu_order":0,"comment_status":"closed","ping_status":"closed","template":"","meta":{"footnotes":""},"class_list":["post-61571","page","type-page","status-publish","hentry"],"_links":{"self":[{"href":"https:\/\/iili.de\/partnersuche\/wp-json\/wp\/v2\/pages\/61571","targetHints":{"allow":["GET"]}}],"collection":[{"href":"https:\/\/iili.de\/partnersuche\/wp-json\/wp\/v2\/pages"}],"about":[{"href":"https:\/\/iili.de\/partnersuche\/wp-json\/wp\/v2\/types\/page"}],"author":[{"embeddable":true,"href":"https:\/\/iili.de\/partnersuche\/wp-json\/wp\/v2\/users\/1"}],"replies":[{"embeddable":true,"href":"https:\/\/iili.de\/partnersuche\/wp-json\/wp\/v2\/comments?post=61571"}],"version-history":[{"count":1,"href":"https:\/\/iili.de\/partnersuche\/wp-json\/wp\/v2\/pages\/61571\/revisions"}],"predecessor-version":[{"id":61572,"href":"https:\/\/iili.de\/partnersuche\/wp-json\/wp\/v2\/pages\/61571\/revisions\/61572"}],"wp:attachment":[{"href":"https:\/\/iili.de\/partnersuche\/wp-json\/wp\/v2\/media?parent=61571"}],"curies":[{"name":"wp","href":"https:\/\/api.w.org\/{rel}","templated":true}]}}